{"id":1837,"date":"2025-04-22T02:07:22","date_gmt":"2025-04-22T00:07:22","guid":{"rendered":"https:\/\/newpromusic.de\/sites\/?page_id=1837"},"modified":"2025-04-24T20:18:27","modified_gmt":"2025-04-24T18:18:27","slug":"impressum","status":"publish","type":"page","link":"https:\/\/newpromusic.de\/sites\/impressum\/","title":{"rendered":"Impressum"},"content":{"rendered":"\n<p><strong>NEWPROmusic<\/strong><\/p>\n\n\n\n<p>Derk Klein<br>NEWPROmusic<br>Koelner Landstr. 88<br>40591 Duesseldorf \/ Germany<\/p>\n\n\n\n<p>info@metalkiste.de<\/p>\n\n\n\n<p>Verantwortlich im Sinne \u00a7&nbsp;6 Teledienstegesetz (TDG) und \u00a7 10<\/p>\n\n\n\n<p>Derk Klein<br>NEWPROmusic<br>Koelner Landstr. 88<br>40591 Duesseldorf \/ Germany<\/p>\n\n\n\n<p>info@NEWPROmusic.de<\/p>\n\n\n\n<p>Grafikdesign<\/p>\n\n\n\n<p>Teddy2290 Design<br>Nico Ludwig<br>grafik@metalkiste.de<\/p>\n\n\n\n<p><strong>Lizenzierung<\/strong><\/p>\n\n\n\n<p>Radio Metalkiste ist ein durch die Laut AG, bei GEMA und GVL lizenziertes und legales Radio. Anfallende Geb\u00fchren f\u00fcr die Nutzungsrechte der bei uns gesendeten Musiktitel, sofern der K\u00fcnstler Mitglied der Gema ist, werden monatlich bzw. j\u00e4hrlich durch die Laut AG an die entsprechenden Anstalten abgef\u00fchrt. Ausk\u00fcnfte zu Lizenzierungsverfahren finden Sie auf den Internet-Seiten von GEMA und GVL.<\/p>\n\n\n\n<ol class=\"wp-block-list\">\n<li>Haftungsbeschr\u00e4nkung<\/li>\n<\/ol>\n\n\n\n<p>Die Inhalte dieser Website werden mit gr\u00f6\u00dftm\u00f6glicher Sorgfalt erstellt. Der Anbieter \u00fcbernimmt jedoch keine Gew\u00e4hr f\u00fcr die Richtigkeit, Vollst\u00e4ndigkeit und Aktualit\u00e4t der bereitgestellten Inhalte. Die Nutzung der Inhalte der Website erfolgt auf eigene Gefahr des Nutzers. Namentlich gekennzeichnete Beitr\u00e4ge geben die Meinung des jeweiligen Autors und nicht immer die Meinung des Anbieters wieder. Mit der reinen Nutzung der Website des Anbieters kommt keinerlei Vertragsverh\u00e4ltnis zwischen dem Nutzer und dem Anbieter zustande.<\/p>\n\n\n\n<ol start=\"2\" class=\"wp-block-list\">\n<li>Externe Links<\/li>\n<\/ol>\n\n\n\n<p>Diese Website enth\u00e4lt Verkn\u00fcpfungen zu Websites Dritter (\\&#8217;externe Links\\&#8216;). Diese Websites unterliegen der Haftung der jeweiligen Betreiber. Der Anbieter hat bei der erstmaligen Verkn\u00fcpfung der externen Links die fremden Inhalte daraufhin \u00fcberpr\u00fcft, ob etwaige Rechtsverst\u00f6\u00dfe bestehen. Zu dem Zeitpunkt waren keine Rechtsverst\u00f6\u00dfe ersichtlich. Der Anbieter hat keinerlei Einfluss auf die aktuelle und zuk\u00fcnftige Gestaltung und auf die Inhalte der verkn\u00fcpften Seiten. Das Setzen von externen Links bedeutet nicht, dass sich der Anbieter die hinter dem Verweis oder Link liegenden Inhalte zu Eigen macht. Eine st\u00e4ndige Kontrolle der externen Links ist f\u00fcr den Anbieter ohne konkrete Hinweise auf Rechtsverst\u00f6\u00dfe nicht zumutbar. Bei Kenntnis von Rechtsverst\u00f6\u00dfen werden jedoch derartige externe Links unverz\u00fcglich gel\u00f6scht.<\/p>\n\n\n\n<ol start=\"3\" class=\"wp-block-list\">\n<li>Urheber- und Leistungsschutzrechte<\/li>\n<\/ol>\n\n\n\n<p>Die auf dieser Website ver\u00f6ffentlichten Inhalte unterliegen dem deutschen Urheber- und Leistungsschutzrecht. Jede vom deutschen Urheber- und Leistungsschutzrecht nicht zugelassene Verwertung bedarf der vorherigen schriftlichen Zustimmung des Anbieters oder jeweiligen Rechteinhabers. Dies gilt insbesondere f\u00fcr Vervielf\u00e4ltigung, Bearbeitung, \u00dcbersetzung, Einspeicherung, Verarbeitung bzw. Wiedergabe von Inhalten in Datenbanken oder anderen elektronischen Medien und Systemen. Inhalte und Rechte Dritter sind dabei als solche gekennzeichnet. Die unerlaubte Vervielf\u00e4ltigung oder Weitergabe einzelner Inhalte oder kompletter Seiten ist nicht gestattet und strafbar. Lediglich die Herstellung von Kopien und Downloads f\u00fcr den pers\u00f6nlichen, privaten und nicht kommerziellen Gebrauch ist erlaubt.Die Darstellung dieser Website in fremden Frames ist nur mit schriftlicher Erlaubnis zul\u00e4ssig.<\/p>\n\n\n\n<ol start=\"4\" class=\"wp-block-list\">\n<li>Datenschutz<\/li>\n<\/ol>\n\n\n\n<p>Durch den Besuch der Website des Anbieters k\u00f6nnen Informationen \u00fcber den Zugriff (Datum, Uhrzeit, betrachtete Seite) gespeichert werden. Diese Daten geh\u00f6ren nicht zu den personenbezogenen Daten, sondern sind anonymisiert. Sie werden ausschlie\u00dflich zu statistischen Zwecken ausgewertet. Eine Weitergabe an Dritte, zu kommerziellen oder nichtkommerziellen Zwecken, findet nicht statt.Der Anbieter weist ausdr\u00fccklich darauf hin, dass die Daten\u00fcbertragung im Internet (z.B. bei der Kommunikation per E-Mail) Sicherheitsl\u00fccken aufweisen und nicht l\u00fcckenlos vor dem Zugriff durch Dritte gesch\u00fctzt werden kann.Die Verwendung der Kontaktdaten des Impressums zur gewerblichen Werbung ist ausdr\u00fccklich nicht erw\u00fcnscht, es sei denn der Anbieter hatte zuvor seine schriftliche Einwilligung erteilt oder es besteht bereits eine Gesch\u00e4ftsbeziehung. Der Anbieter und alle auf dieser Website genannten Personen widersprechen hiermit jeder kommerziellen Verwendung und Weitergabe ihrer Daten.<\/p>\n\n\n\n<ol start=\"5\" class=\"wp-block-list\">\n<li>AGB\\&#8217;s \/ Nutzungsbedingungen<\/li>\n<\/ol>\n\n\n\n<p>Die Nutzung unserer Community und der integrierten Foren, setzt die vorherige Registration auf unserer Seite und die Einverst\u00e4ndniserkl\u00e4rung \/ Akzeptanz unserer AGB\\&#8217;s \/ Nutzungsbedingungen voraus.<\/p>\n\n\n\n<p>Quelle: Disclaimer von JuraForum.de &amp; Experten-Branchenbuch.de<\/p>\n","protected":false},"excerpt":{"rendered":"<p>NEWPROmusic Derk KleinNEWPROmusicKoelner Landstr. 8840591 Duesseldorf \/ Germany info@metalkiste.de Verantwortlich im Sinne \u00a7&nbsp;6 Teledienstegesetz (TDG)&#8230;<\/p>\n","protected":false},"author":1,"featured_media":0,"parent":0,"menu_order":0,"comment_status":"closed","ping_status":"closed","template":"","meta":{"footnotes":""},"class_list":["post-1837","page","type-page","status-publish","hentry"],"_links":{"self":[{"href":"https:\/\/newpromusic.de\/sites\/wp-json\/wp\/v2\/pages\/1837","targetHints":{"allow":["GET"]}}],"collection":[{"href":"https:\/\/newpromusic.de\/sites\/wp-json\/wp\/v2\/pages"}],"about":[{"href":"https:\/\/newpromusic.de\/sites\/wp-json\/wp\/v2\/types\/page"}],"author":[{"embeddable":true,"href":"https:\/\/newpromusic.de\/sites\/wp-json\/wp\/v2\/users\/1"}],"replies":[{"embeddable":true,"href":"https:\/\/newpromusic.de\/sites\/wp-json\/wp\/v2\/comments?post=1837"}],"version-history":[{"count":1,"href":"https:\/\/newpromusic.de\/sites\/wp-json\/wp\/v2\/pages\/1837\/revisions"}],"predecessor-version":[{"id":1838,"href":"https:\/\/newpromusic.de\/sites\/wp-json\/wp\/v2\/pages\/1837\/revisions\/1838"}],"wp:attachment":[{"href":"https:\/\/newpromusic.de\/sites\/wp-json\/wp\/v2\/media?parent=1837"}],"curies":[{"name":"wp","href":"https:\/\/api.w.org\/{rel}","templated":true}]}}