{"id":1851,"date":"2025-04-22T10:31:29","date_gmt":"2025-04-22T08:31:29","guid":{"rendered":"https:\/\/newpromusic.de\/sites\/?page_id=1851"},"modified":"2025-04-24T20:16:19","modified_gmt":"2025-04-24T18:16:19","slug":"bemusterung","status":"publish","type":"page","link":"https:\/\/newpromusic.de\/sites\/bemusterung\/","title":{"rendered":"Bemusterung"},"content":{"rendered":"\n<p>Wir bekommen jeden Monat sehr viele CDs zugeschickt. Das ist einerseits sehr aufregend, bedeutet anderseits aber auch sehr viel Arbeit. Trotzdem versuchen wir, alle CDs durchzuh\u00f6ren und die interessanten hier bei uns vorzustellen. Dabei m\u00fcssen wir nat\u00fcrlich eine Auswahl treffen. Also bitte nicht b\u00f6se sein, wenn einmal eine zugeschickte CD nicht bei uns vorgestellt wird. Das kann ein Werturteil darstellen, muss aber nicht. In den meisten F\u00e4llen liegt es vielmehr daran, dass die Musik nicht in unser Konzept passt.<\/p>\n\n\n\n<p>Wer folgende Punkte beachtet, erspart uns eine Menge Arbeit und erh\u00f6ht damit deutlich seine Chancen, in unserem Programm aufgenommen zu werden.<\/p>\n\n\n\n<p>Folgende Daten zum Album werden ben\u00f6tigt:<br>-Label<br>-Ver\u00f6ffentlichungsdatum<br>-Spieldauer<\/p>\n\n\n\n<p>Folgende Texte werden ben\u00f6tigt :<br>-K\u00fcnstler<br>-Biographie<br>-CD-Info<br>-vom K\u00fcnstler\/Management unterschriebene Sendegenehmigung f\u00fcr besagte CD.<\/p>\n\n\n\n<p>Folgende Dateien werden ben\u00f6tigt (per E-Mail zuschicken):<\/p>\n\n\n\n<ul class=\"wp-block-list\">\n<li>Foto des K\u00fcnstlers als jpg-Datei (mind. ca 600x600px)<\/li>\n\n\n\n<li>Abbildung des Covers als jpg-Datei (mind. 600x600px)<br>Bitte beides in best m\u00f6gliche Aufl\u00f6sung!<\/li>\n<\/ul>\n\n\n\n<p>Falls eine CD\/DVD nicht \u00fcber den normalen Handel erh\u00e4ltlich ist, gebe bitte die Bezugsquelle an.<br>Wenn Du uns eine CD zur Verlosung \u00dcberlassen m\u00f6chtest, lege bitte ein zweites Exemplar bei (CDs zur Verlosung werden w\u00e4hrend der Verlosungsaktion auf der Startseite angezeigt!).<\/p>\n\n\n\n<p>WICHTIG : Bitte keine telefonischen Anfragen.<\/p>\n\n\n\n<p>Wir \u00fcbernehmen keine Haftung f\u00fcr eingesandte Beitr\u00e4ge, Ton- und\/oder Bildtr\u00e4ger, B\u00fccher, Bilder und Illustrationen. Die Ver\u00f6ffentlichung geschieht in Umfang und Selektion nach unserem Ermessen. An uns \u00fcbersandtes Material wird als f\u00fcr Pressezwecke frei betrachtet und geht in unser Eigentum \u00fcber.<\/p>\n\n\n\n<p>Sende Deine CD mit den entsprechenden Unterlagen an :<\/p>\n\n\n\n<p>NEWPROmusic.de<br>Derk Klein<br>Koelner Landstr. 88<br>40591 D\u00fcsseldorf \/ Germany<\/p>\n\n\n\n<p>oder per Email an<\/p>\n\n\n\n<p>promo@NEWPROmusic.de<\/p>\n","protected":false},"excerpt":{"rendered":"<p>Wir bekommen jeden Monat sehr viele CDs zugeschickt. Das ist einerseits sehr aufregend, bedeutet anderseits&#8230;<\/p>\n","protected":false},"author":1,"featured_media":0,"parent":0,"menu_order":0,"comment_status":"closed","ping_status":"closed","template":"","meta":{"footnotes":""},"class_list":["post-1851","page","type-page","status-publish","hentry"],"_links":{"self":[{"href":"https:\/\/newpromusic.de\/sites\/wp-json\/wp\/v2\/pages\/1851","targetHints":{"allow":["GET"]}}],"collection":[{"href":"https:\/\/newpromusic.de\/sites\/wp-json\/wp\/v2\/pages"}],"about":[{"href":"https:\/\/newpromusic.de\/sites\/wp-json\/wp\/v2\/types\/page"}],"author":[{"embeddable":true,"href":"https:\/\/newpromusic.de\/sites\/wp-json\/wp\/v2\/users\/1"}],"replies":[{"embeddable":true,"href":"https:\/\/newpromusic.de\/sites\/wp-json\/wp\/v2\/comments?post=1851"}],"version-history":[{"count":1,"href":"https:\/\/newpromusic.de\/sites\/wp-json\/wp\/v2\/pages\/1851\/revisions"}],"predecessor-version":[{"id":1852,"href":"https:\/\/newpromusic.de\/sites\/wp-json\/wp\/v2\/pages\/1851\/revisions\/1852"}],"wp:attachment":[{"href":"https:\/\/newpromusic.de\/sites\/wp-json\/wp\/v2\/media?parent=1851"}],"curies":[{"name":"wp","href":"https:\/\/api.w.org\/{rel}","templated":true}]}}